{"id":78,"date":"2014-12-15T23:22:39","date_gmt":"2014-12-15T22:22:39","guid":{"rendered":"http:\/\/claudiawehrli.ch\/wordpress4\/?page_id=78"},"modified":"2015-02-19T14:36:49","modified_gmt":"2015-02-19T13:36:49","slug":"press","status":"publish","type":"page","link":"https:\/\/www.melpomen.ch\/site\/en\/home-2\/press\/","title":{"rendered":"reviews"},"content":{"rendered":"<p><span style=\"color: #666699;\"><strong>national and international<\/strong><\/span><br \/>\n<span style=\"color: #666699;\"> reviews<\/span><\/p>\n<p><em><strong>Basel Landschaftliche Zeitung<br \/>\n<\/strong><\/em>Music as old as this is rarely heard, even at the concerts of the \u2018Freunde Alter Musik Basel\u2019. A performance in St Leonhard Basel by the ensemble Melpomen, led by the recorder player, composer and music archaeologist Conrad Steinmann, transported us to the 6th century BC.<\/p>\n<p>Melpomen demonstrated how this may have sounded with lyrics by Sappho and some of her male colleagues. The subjects were love and enjoyment of life, wine, women and song \u2013 and lovely boys. The span ranged from a prayer to Aphrodite to a drinking song. Steinmann has composed music for these texts, which of course is not \u2018original\u2019, but approaches the ancient world as closely as possible.<\/p>\n<p>The music exposed a fascinating universe of unfamiliar sounds and harmonies. Steinmann himself played the Aulos, sometimes buzzing, sometimes nasal instruments of various sizes, which are used in pairs and thus allow two-part playing in which one part has a stable bourdon function, upon which the other delivers lively melodies. The drummer Martin Lorenz rattled with the castanet-like Krotala, played the Kymbala, palm-sized metal cymbals that are struck against each other (the cymbals of the bible) and the timbrel-like Tympana.<\/p>\n<p>The singers, soprano Arianna Savall and the tenor Giovanni Cantarini, accompanied themselves on various stringed instruments. Both have been familiar with this music for a long time. Cantarini, gifted with an exquisite timbre, formed the songs based upon the words, \u2018speaking\u2019 as it were. They included a hymn to Aphrodite and a self-justification of the Athenian poet and statesman Solon. Arianna Savall also has a slender, enchantingly beautiful voice with silver shining peaks. Her totally reserved interpretations of Sappho\u2019s poetry, which she accompanied herself on the lyre with sparse notes, were highlights of the evening, moments of pure beauty. Alfred Ziltener<\/p>\n<p><strong><em>Frans Br\u00fcggen<\/em><br \/>\n<\/strong>What mastery! Superb, how Conrad Steinmann passes by the Italian Renaissance and plunges directly into the dark paradigm; I admire it and I admire him. The strangest noises and sounds I have ever heard. As if there were no world: I thank his great mind.<\/p>\n<p><strong><em>Peter Bichsel<\/em><br \/>\n<\/strong>It\u2019s a search for the note, for the lost melody, for lost time.<\/p>\n<p>The search for the lost melody \u2013 the Greek aulos flutes which made Paul J. Reichlin \u2013 only superficially has something to do with history and music history. Steinmann brings to life the imaginable music of the Greeks. His notes are a categorical \u2018now\u2019. Only in our recollection, several minutes or hours after hearing them, do they become memories. Memories of an imagined Greece.<\/p>\n<p>When we listen, however, we realize that his notes have a specific presence\u00a0: this is the note that I hear at the very moment. This may seem an obvious and banal statement. But Conrad Steinmann makes me aware of this fact. Music is the \u2018now\u2019. It takes place now, at this precise moment in time.<\/p>\n<p><em><strong>The Gramophone UK<\/strong><\/em><br \/>\nMusical Archeology is a real pleasure. Any such project obviously depends on a great deal of historical research (notably in terms of instruments \u2013 in this case all reconstructed by Paul J. Reichlin \u2013 and language) and, just as importantly, informed creative imagination. In this case the results are impressive. There\u2019s a confidence about the instrumental playing, and a good deal of the music is very memorable. One can listen with pleasure and fascination. Ivan Moody<\/p>\n<p><em><strong>Basler Zeitung<\/strong><\/em><br \/>\nAn epoch-making project: To hear was Steinmann&#8217;s double-flute playing (sometimes virtuos with screeching overblown tones, sometimes sounding like a bagpipe), Arianna Savall\u2019s b\u00e1rbitos-song with a Mediterranean folksmusic-like impact. Then the gentle Alto song by Luiz Alves da Silva and of course all in a highly virtuose manner of the mentioned ensemble Melpomen. Sigfried Schibli<\/p>\n<p><em><strong>Basel Landschaftliche Zeitung<\/strong><\/em><br \/>\nThe first results are impressive and of great vitality. Steinmann, Arianna Savall, Luiz Alves da Silva and Massimo Cialfi played a part of their program Melpomen and enchanted everyone. In the second part Steinmann, Cialfi, Giovanni Cantarini as well as the five members of the choir, offered songs for Olympia Winners according to texts from Pindaros in a gripping presentation [\u2026] The newly imagined music of the Antique was brought to life: truly a pioneer performance. Christian Fluri<\/p>\n<p><em><strong>Diapason Paris<\/strong><\/em><br \/>\nDiapason d\u2019or pour Melpomen: \u2018Le r\u00e9sultat est stup\u00e9fiant. D\u2019autant que Steinmann a \u2018mis en situation\u2019 son travail arch\u00e9ologique, imaginant les \u00e9changes chant\u00e9s et instrumentaux lors d\u2019un banquet o\u00f9 autour des th\u00e8mes de l\u2019amour et du vin s\u2019\u00e9gr\u00e8nent des po\u00e8mes de Sappho et d\u2019Alkaios, d\u2019Anacr\u00e9on et de Bacchylide. Le livret fourmille d\u2019informations et de reproductions qui aideront \u00e0 convaincre l\u2019auditeur en qu\u00eate de v\u00e9rit\u00e9 historique. [\u2026] Du beau chant et de belles ex\u00e9cutions instrumen-tales, raffin\u00e9s, subtils, parfois envo\u00fbtants, comme cette po\u00e9sie d\u2019une sophistication in\u00e9puisable. Un excellent r\u00e9sultat pour une splendide d\u00e9marche.\u2019<\/p>\n<p><em><strong>Die Zeit Hamburg<\/strong><\/em><br \/>\nHere Anakreons Songs of Praise to Eros, sounds in plain, clear lines livened with restrained cries of joy and spurred on from the b\u00e1rbitos (lyer). There the wistful tones of Sappho verse, where the tympanon (tamburin) fires up to dance in African rhythm, before a Homer-like hymn in a cradling tone lets the evening fade away. The musicians liven the plain tunes with Mediterranean playing techniques, with Sardinian and Calabrian, with Egyptian and Arabian tones filling the empty places with plausibilities. The musical result is successful! Frank Hilberg<\/p>\n<p><em><strong>Tages-Anzeiger Zurich<\/strong><\/em><br \/>\nConrad Steinmann and his ensemble Melpomen performed during the festival in the Augustiner Church. A breath of air or flute-like, sometimes bagpipe-like sounds, the auloi (double wind instrument); they developed together with the voices of Arianna Savall and Luiz de Silva, with percussion and the fragile sounding string instruments b\u00e1rbitos, into a very special, totally unique, lively Archaic. Whether it really sounded like that in the 5th century BC Greece, none knows, but with the passion, with which Steinmann applied his research, it really doesn\u2019t matter.<\/p>\n<p><strong><em>Diverse broadcasts<\/em><\/strong><em><strong><br \/>\n<\/strong><\/em>Diverse long radio interviews with Conrad Steinmann and Paul J. Reichlin were broadcasted by \u2018France Musique\u2019 (Paris), \u2018WDR\u2019 (Cologne), \u2018SWR\u2019 (Stuttgart) and Thessaloniki.<\/p>\n","protected":false},"excerpt":{"rendered":"<p>national and international reviews Basel Landschaftliche Zeitung Music as old as this is rarely heard, even at the concerts of the \u2018Freunde Alter Musik Basel\u2019. A performance in St Leonhard Basel by the ensemble Melpomen, led by the recorder player, &hellip; <a href=\"https:\/\/www.melpomen.ch\/site\/en\/home-2\/press\/\">Weiterlesen <span class=\"meta-nav\">&rarr;<\/span><\/a><\/p>\n","protected":false},"author":1,"featured_media":0,"parent":333,"menu_order":5,"comment_status":"closed","ping_status":"closed","template":"","meta":{"footnotes":""},"class_list":["post-78","page","type-page","status-publish","hentry"],"yoast_head":"<!-- This site is optimized with the Yoast SEO plugin v27.4 - https:\/\/yoast.com\/product\/yoast-seo-wordpress\/ -->\n<title>reviews - Melpomen<\/title>\n<meta name=\"robots\" content=\"index, follow, max-snippet:-1, max-image-preview:large, max-video-preview:-1\" \/>\n<link rel=\"canonical\" href=\"https:\/\/www.melpomen.ch\/site\/en\/home-2\/press\/\" \/>\n<meta property=\"og:locale\" content=\"de_DE\" \/>\n<meta property=\"og:type\" content=\"article\" \/>\n<meta property=\"og:title\" content=\"reviews - Melpomen\" \/>\n<meta property=\"og:description\" content=\"national and international reviews Basel Landschaftliche Zeitung Music as old as this is rarely heard, even at the concerts of the \u2018Freunde Alter Musik Basel\u2019. A performance in St Leonhard Basel by the ensemble Melpomen, led by the recorder player, &hellip; Weiterlesen &rarr;\" \/>\n<meta property=\"og:url\" content=\"https:\/\/www.melpomen.ch\/site\/en\/home-2\/press\/\" \/>\n<meta property=\"og:site_name\" content=\"Melpomen\" \/>\n<meta property=\"article:modified_time\" content=\"2015-02-19T13:36:49+00:00\" \/>\n<meta name=\"twitter:label1\" content=\"Gesch\u00e4tzte Lesezeit\" \/>\n\t<meta name=\"twitter:data1\" content=\"5\u00a0Minuten\" \/>\n<script type=\"application\/ld+json\" class=\"yoast-schema-graph\">{\"@context\":\"https:\\\/\\\/schema.org\",\"@graph\":[{\"@type\":\"WebPage\",\"@id\":\"https:\\\/\\\/www.melpomen.ch\\\/site\\\/en\\\/home-2\\\/press\\\/\",\"url\":\"https:\\\/\\\/www.melpomen.ch\\\/site\\\/en\\\/home-2\\\/press\\\/\",\"name\":\"reviews - Melpomen\",\"isPartOf\":{\"@id\":\"https:\\\/\\\/www.melpomen.ch\\\/site\\\/#website\"},\"datePublished\":\"2014-12-15T22:22:39+00:00\",\"dateModified\":\"2015-02-19T13:36:49+00:00\",\"breadcrumb\":{\"@id\":\"https:\\\/\\\/www.melpomen.ch\\\/site\\\/en\\\/home-2\\\/press\\\/#breadcrumb\"},\"inLanguage\":\"de\",\"potentialAction\":[{\"@type\":\"ReadAction\",\"target\":[\"https:\\\/\\\/www.melpomen.ch\\\/site\\\/en\\\/home-2\\\/press\\\/\"]}]},{\"@type\":\"BreadcrumbList\",\"@id\":\"https:\\\/\\\/www.melpomen.ch\\\/site\\\/en\\\/home-2\\\/press\\\/#breadcrumb\",\"itemListElement\":[{\"@type\":\"ListItem\",\"position\":1,\"name\":\"Home\",\"item\":\"https:\\\/\\\/www.melpomen.ch\\\/site\\\/\"},{\"@type\":\"ListItem\",\"position\":2,\"name\":\"home\",\"item\":\"https:\\\/\\\/www.melpomen.ch\\\/site\\\/en\\\/\"},{\"@type\":\"ListItem\",\"position\":3,\"name\":\"reviews\"}]},{\"@type\":\"WebSite\",\"@id\":\"https:\\\/\\\/www.melpomen.ch\\\/site\\\/#website\",\"url\":\"https:\\\/\\\/www.melpomen.ch\\\/site\\\/\",\"name\":\"Melpomen\",\"description\":\"\",\"publisher\":{\"@id\":\"https:\\\/\\\/www.melpomen.ch\\\/site\\\/#organization\"},\"potentialAction\":[{\"@type\":\"SearchAction\",\"target\":{\"@type\":\"EntryPoint\",\"urlTemplate\":\"https:\\\/\\\/www.melpomen.ch\\\/site\\\/?s={search_term_string}\"},\"query-input\":{\"@type\":\"PropertyValueSpecification\",\"valueRequired\":true,\"valueName\":\"search_term_string\"}}],\"inLanguage\":\"de\"},{\"@type\":\"Organization\",\"@id\":\"https:\\\/\\\/www.melpomen.ch\\\/site\\\/#organization\",\"name\":\"Melpomen\",\"url\":\"https:\\\/\\\/www.melpomen.ch\\\/site\\\/\",\"logo\":{\"@type\":\"ImageObject\",\"inLanguage\":\"de\",\"@id\":\"https:\\\/\\\/www.melpomen.ch\\\/site\\\/#\\\/schema\\\/logo\\\/image\\\/\",\"url\":\"https:\\\/\\\/www.melpomen.ch\\\/site\\\/wp-content\\\/uploads\\\/2020\\\/11\\\/melpomen.png\",\"contentUrl\":\"https:\\\/\\\/www.melpomen.ch\\\/site\\\/wp-content\\\/uploads\\\/2020\\\/11\\\/melpomen.png\",\"width\":160,\"height\":39,\"caption\":\"Melpomen\"},\"image\":{\"@id\":\"https:\\\/\\\/www.melpomen.ch\\\/site\\\/#\\\/schema\\\/logo\\\/image\\\/\"}}]}<\/script>\n<!-- \/ Yoast SEO plugin. -->","yoast_head_json":{"title":"reviews - Melpomen","robots":{"index":"index","follow":"follow","max-snippet":"max-snippet:-1","max-image-preview":"max-image-preview:large","max-video-preview":"max-video-preview:-1"},"canonical":"https:\/\/www.melpomen.ch\/site\/en\/home-2\/press\/","og_locale":"de_DE","og_type":"article","og_title":"reviews - Melpomen","og_description":"national and international reviews Basel Landschaftliche Zeitung Music as old as this is rarely heard, even at the concerts of the \u2018Freunde Alter Musik Basel\u2019. A performance in St Leonhard Basel by the ensemble Melpomen, led by the recorder player, &hellip; Weiterlesen &rarr;","og_url":"https:\/\/www.melpomen.ch\/site\/en\/home-2\/press\/","og_site_name":"Melpomen","article_modified_time":"2015-02-19T13:36:49+00:00","twitter_misc":{"Gesch\u00e4tzte Lesezeit":"5\u00a0Minuten"},"schema":{"@context":"https:\/\/schema.org","@graph":[{"@type":"WebPage","@id":"https:\/\/www.melpomen.ch\/site\/en\/home-2\/press\/","url":"https:\/\/www.melpomen.ch\/site\/en\/home-2\/press\/","name":"reviews - Melpomen","isPartOf":{"@id":"https:\/\/www.melpomen.ch\/site\/#website"},"datePublished":"2014-12-15T22:22:39+00:00","dateModified":"2015-02-19T13:36:49+00:00","breadcrumb":{"@id":"https:\/\/www.melpomen.ch\/site\/en\/home-2\/press\/#breadcrumb"},"inLanguage":"de","potentialAction":[{"@type":"ReadAction","target":["https:\/\/www.melpomen.ch\/site\/en\/home-2\/press\/"]}]},{"@type":"BreadcrumbList","@id":"https:\/\/www.melpomen.ch\/site\/en\/home-2\/press\/#breadcrumb","itemListElement":[{"@type":"ListItem","position":1,"name":"Home","item":"https:\/\/www.melpomen.ch\/site\/"},{"@type":"ListItem","position":2,"name":"home","item":"https:\/\/www.melpomen.ch\/site\/en\/"},{"@type":"ListItem","position":3,"name":"reviews"}]},{"@type":"WebSite","@id":"https:\/\/www.melpomen.ch\/site\/#website","url":"https:\/\/www.melpomen.ch\/site\/","name":"Melpomen","description":"","publisher":{"@id":"https:\/\/www.melpomen.ch\/site\/#organization"},"potentialAction":[{"@type":"SearchAction","target":{"@type":"EntryPoint","urlTemplate":"https:\/\/www.melpomen.ch\/site\/?s={search_term_string}"},"query-input":{"@type":"PropertyValueSpecification","valueRequired":true,"valueName":"search_term_string"}}],"inLanguage":"de"},{"@type":"Organization","@id":"https:\/\/www.melpomen.ch\/site\/#organization","name":"Melpomen","url":"https:\/\/www.melpomen.ch\/site\/","logo":{"@type":"ImageObject","inLanguage":"de","@id":"https:\/\/www.melpomen.ch\/site\/#\/schema\/logo\/image\/","url":"https:\/\/www.melpomen.ch\/site\/wp-content\/uploads\/2020\/11\/melpomen.png","contentUrl":"https:\/\/www.melpomen.ch\/site\/wp-content\/uploads\/2020\/11\/melpomen.png","width":160,"height":39,"caption":"Melpomen"},"image":{"@id":"https:\/\/www.melpomen.ch\/site\/#\/schema\/logo\/image\/"}}]}},"_links":{"self":[{"href":"https:\/\/www.melpomen.ch\/site\/wp-json\/wp\/v2\/pages\/78","targetHints":{"allow":["GET"]}}],"collection":[{"href":"https:\/\/www.melpomen.ch\/site\/wp-json\/wp\/v2\/pages"}],"about":[{"href":"https:\/\/www.melpomen.ch\/site\/wp-json\/wp\/v2\/types\/page"}],"author":[{"embeddable":true,"href":"https:\/\/www.melpomen.ch\/site\/wp-json\/wp\/v2\/users\/1"}],"replies":[{"embeddable":true,"href":"https:\/\/www.melpomen.ch\/site\/wp-json\/wp\/v2\/comments?post=78"}],"version-history":[{"count":12,"href":"https:\/\/www.melpomen.ch\/site\/wp-json\/wp\/v2\/pages\/78\/revisions"}],"predecessor-version":[{"id":95,"href":"https:\/\/www.melpomen.ch\/site\/wp-json\/wp\/v2\/pages\/78\/revisions\/95"}],"up":[{"embeddable":true,"href":"https:\/\/www.melpomen.ch\/site\/wp-json\/wp\/v2\/pages\/333"}],"wp:attachment":[{"href":"https:\/\/www.melpomen.ch\/site\/wp-json\/wp\/v2\/media?parent=78"}],"curies":[{"name":"wp","href":"https:\/\/api.w.org\/{rel}","templated":true}]}}