{"id":15,"date":"2014-12-15T15:06:21","date_gmt":"2014-12-15T15:06:21","guid":{"rendered":"http:\/\/claudiawehrli.ch\/wordpress4\/?page_id=15"},"modified":"2015-09-18T15:33:50","modified_gmt":"2015-09-18T13:33:50","slug":"programme","status":"publish","type":"page","link":"https:\/\/www.melpomen.ch\/site\/sample-page\/programme\/","title":{"rendered":"Programme"},"content":{"rendered":"<p><span style=\"color: #666699;\"><strong>lyrisch und episch<\/strong><\/span><br \/>\n<span style=\"color: #666699;\"> f\u00fcnf\u00a0verschiedene Programme<\/span><\/p>\n<p>Die Programme des Ensembles Melpomen haben sowohl inhaltlich wie auch besetzungsm\u00e4ssig unterschiedliche Schwerpunkte. In allen Programmen ist die <a title=\"Ton\" href=\"http:\/\/www.melpomen.ch\/site\/sample-page\/cd\/\"><strong>Musik<\/strong><\/a> von Conrad Steinmann nachgesch\u00f6pft.<\/p>\n<p><img loading=\"lazy\" decoding=\"async\" class=\"alignnone wp-image-352 size-large\" src=\"http:\/\/www.melpomen.ch\/site\/wp-content\/uploads\/2015\/02\/ensemble-e1424710760615-1024x505.jpg\" alt=\"ensemble\" width=\"584\" height=\"288\" srcset=\"https:\/\/www.melpomen.ch\/site\/wp-content\/uploads\/2015\/02\/ensemble-e1424710760615-1024x505.jpg 1024w, https:\/\/www.melpomen.ch\/site\/wp-content\/uploads\/2015\/02\/ensemble-e1424710760615-300x148.jpg 300w, https:\/\/www.melpomen.ch\/site\/wp-content\/uploads\/2015\/02\/ensemble-e1424710760615-500x247.jpg 500w\" sizes=\"auto, (max-width: 584px) 100vw, 584px\" \/><\/p>\n<p><em><strong>Programm Melpomen: Liebe und Wein<\/strong> <\/em><br \/>\nDie Wahl der Texte zu den zwei Themenkreisen Liebe und Wein ist der Situation eines Athener Symposions (450 v. Chr.) nachempfunden, eines geselligen Trinkgelages freier Athener B\u00fcrger. Ausgew\u00e4hlte Lyrik der S\u00e4ngerin S\u00e1ppho und ihrer Kollegen Alka\u00edos und Anakr\u00e9on sp\u00fcren der elementaren Kraft der Liebe nach, um sich daraufhin den Freuden des Weingenusses zuzuwenden. Nach dieser doppelten Feier des Lebens tauchen die folgenden Lieder in die Schattenseiten der Liebe mit all ihrer verwirrenden und zerst\u00f6renden Kraft ein. Erstaunt mag man sein, dass sich die menschlichen Empfindungen auch nach 2500 Jahren in kaum einer Weise ver\u00e4ndert haben. Verwirrung ganz anderer Art schildert hingegen das Gedicht des Archilochos \u00fcber die historisch verb\u00fcrgte Sonnenfinsternis vom 8. April 648 v. Chr.\u00a0Umrahmt und erg\u00e4nzt sind diese Monodien von instrumentalen St\u00fccken, denen eine Vielfalt von Formen und Farben gerecht zu werden versucht.<\/p>\n<p><em><strong>Programm Olympionikais: Sieg und Entt\u00e4uschung<\/strong><\/em><br \/>\nDas Programm \u00abf\u00fcr die Olympiasieger\u00bb stellt eine musikalische Siegesfeier f\u00fcr athletische Helden dar, wie sie sich am Hofe des Hieron II. von Syrakus h\u00e4tte abspielen k\u00f6nnen. Der Text basiert auf den Siegesoden von Pindaros (520 bis 438 v. Chr.). Der Protagonist ist Hierons Freund, der aristokra\u00adtische S\u00e4nger und Erz\u00e4hler Pindaros selber, der sich zur Kith\u00e1ra begleitet. Fragend und kommen\u00adtierend steht ihm ein Chor von hohen und tiefen M\u00e4nnerstimmen zur Seite, der \u00fcberraschend auch die Br\u00fccke zur Gegenwart, zu heutigen Olympi\u00adschen Spielen, schl\u00e4gt. Neben der konzertanten Auff\u00fchrung gibt es auch eine szenische Version der Olympionikais, die einerseits der originalgetreuen Bekleidung der Musiker und der Maskierung des Chores folgt, aber auch Akrobaten und Jongleure, wie sie gelegentlich auf Vasen der Zeit abgebildet sind, einbezieht.<\/p>\n<p><em><strong>Programm Sappho: Lebensfreude und Verdruss<\/strong><\/em><br \/>\nDas Programm geht einerseits den Spuren der legend\u00e4ren S\u00e4ngerin Sappho aus Lesbos nach, entwirft aber auch ein stimmungsm\u00e4ssiges Ge\u00adm\u00e4lde des griechischen 6. Jhs. v. Chr.\u00a0insgesamt. Der zwischen Extase und Verzweiflung schwankende Theognis, der lebensm\u00fcde Mimnermos wie auch der staatsm\u00e4nnische Solon mit seinen stets noch aktuellen Gedanken, der lebensfreudige Anakreon und vor-allem Sappho werden greifbar. Begleitet sind diese Schattierungen menschlicher Vielfalt durch die aphroditischen Hymnen der selben Zeit, epische Dichtungen im Stile des Homer. Eine mediterrane Frauenstimme, ein S\u00e4nger und mit gr\u00f6sster Sorgfalt rekonstruierte Instrumente der Zeit geben diesen Farben und Rhythmen ihren faszinierenden Klang.<\/p>\n<p><em><strong>Programm Choros: Zwiegespr\u00e4che und Wechselges\u00e4nge<\/strong><\/em><br \/>\nDer solistische Gesang als auch das chorische Singen werden mit der Einf\u00fchrung der Schrift und mit dem Auftreten des S\u00e4ngers Homer um 700 v. Chr. im griechischen Sprachraum zum ersten Mal fassbar. Ist es im Fall von Homer ein einzelner S\u00e4nger, der in langen Epen zur Unterhaltung singt und improvisiert, so ist chorisches Singen zun\u00e4chst Teil der Erziehung, wie wir es bei Alkman in Sparta beobachten k\u00f6nnen. Wechselgesang zwischen Haupts\u00e4nger und vielf\u00e4ltig reagierendem Chor ist schliesslich eine weitere musikalische Form, die im Lauf der Zeit zur Ausformung des griechischen Dramas f\u00fchrt. Sind es bei Sappho die ihr anvertrauten M\u00e4dchen, die ihr Leid klagen und singend um Rat bitten, so ist es bei Pindar eine Schar Anh\u00e4nger, die ihr Idol verehren. Zum eigentlichen Zwiegesang kommt es bei Alkman, w\u00e4hrend in Sophokles\u2018 Antigone der Chor zum Protagonisten wird.<\/p>\n<p><em><strong>Programm Demeter:\u00a0Dramatik im G\u00f6tterhimmel<br \/>\n<\/strong><\/em>Die Erz\u00e4hlung um die Entf\u00fchrung von Demeter zu einem homerischen Epos aus dem 6. Jh. v. Chr. ist eine h\u00f6chst dramatische und gleichzeitig auch sehr poetische Geschichte, die alle Elemente eines (menschlichen) Dramas enth\u00e4lt, wie wir sie von sp\u00e4teren Theaterst\u00fccken und gar Opern her kennen: gl\u00fccklicher Beginn, T\u00e4tlichkeit, Schrecken, langer Schmerz, Kompromiss und Vers\u00f6hnung. In unserer Version gesellen sich zum eigentlichen Erz\u00e4hler\/Haupts\u00e4nger eine weitere S\u00e4ngerin, die die weiblichen Gottheiten verk\u00f6rpert, und als Gegenpart ein S\u00e4nger f\u00fcr die m\u00e4nnlichen Rollen. Zudem wird ein Erz\u00e4hler in der jeweiligen Landessprache den Gang der Dinge begleiten.<\/p>\n","protected":false},"excerpt":{"rendered":"<p>lyrisch und episch f\u00fcnf\u00a0verschiedene Programme Die Programme des Ensembles Melpomen haben sowohl inhaltlich wie auch besetzungsm\u00e4ssig unterschiedliche Schwerpunkte. In allen Programmen ist die Musik von Conrad Steinmann nachgesch\u00f6pft. Programm Melpomen: Liebe und Wein Die Wahl der Texte zu den zwei &hellip; <a href=\"https:\/\/www.melpomen.ch\/site\/sample-page\/programme\/\">Weiterlesen <span class=\"meta-nav\">&rarr;<\/span><\/a><\/p>\n","protected":false},"author":1,"featured_media":0,"parent":2,"menu_order":1,"comment_status":"closed","ping_status":"closed","template":"","meta":{"footnotes":""},"class_list":["post-15","page","type-page","status-publish","hentry"],"yoast_head":"<!-- This site is optimized with the Yoast SEO plugin v27.4 - https:\/\/yoast.com\/product\/yoast-seo-wordpress\/ -->\n<title>griechische Lyrik<\/title>\n<meta name=\"description\" content=\"griechische Ch\u00f6re, griechisches Drama, griechische Lyrik, altgriechische Musik, Hellas, Hexameter, Homer, Homerische Hymnen, Sappho, Siegeslieder, Hexameter, Troch\u00e4us\" \/>\n<meta name=\"robots\" content=\"index, follow, max-snippet:-1, max-image-preview:large, max-video-preview:-1\" \/>\n<link rel=\"canonical\" href=\"https:\/\/www.melpomen.ch\/site\/sample-page\/programme\/\" \/>\n<meta property=\"og:locale\" content=\"de_DE\" \/>\n<meta property=\"og:type\" content=\"article\" \/>\n<meta property=\"og:title\" content=\"griechische Lyrik\" \/>\n<meta property=\"og:description\" content=\"griechische Ch\u00f6re, griechisches Drama, griechische Lyrik, altgriechische Musik, Hellas, Hexameter, Homer, Homerische Hymnen, Sappho, Siegeslieder, Hexameter, Troch\u00e4us\" \/>\n<meta property=\"og:url\" content=\"https:\/\/www.melpomen.ch\/site\/sample-page\/programme\/\" \/>\n<meta property=\"og:site_name\" content=\"Melpomen\" \/>\n<meta property=\"article:modified_time\" content=\"2015-09-18T13:33:50+00:00\" \/>\n<meta property=\"og:image\" content=\"http:\/\/www.melpomen.ch\/site\/wp-content\/uploads\/2015\/02\/ensemble-e1424710760615-1024x505.jpg\" \/>\n<meta name=\"twitter:label1\" content=\"Gesch\u00e4tzte Lesezeit\" \/>\n\t<meta name=\"twitter:data1\" content=\"3\u00a0Minuten\" \/>\n<script type=\"application\/ld+json\" class=\"yoast-schema-graph\">{\"@context\":\"https:\\\/\\\/schema.org\",\"@graph\":[{\"@type\":\"WebPage\",\"@id\":\"https:\\\/\\\/www.melpomen.ch\\\/site\\\/sample-page\\\/programme\\\/\",\"url\":\"https:\\\/\\\/www.melpomen.ch\\\/site\\\/sample-page\\\/programme\\\/\",\"name\":\"griechische Lyrik\",\"isPartOf\":{\"@id\":\"https:\\\/\\\/www.melpomen.ch\\\/site\\\/#website\"},\"primaryImageOfPage\":{\"@id\":\"https:\\\/\\\/www.melpomen.ch\\\/site\\\/sample-page\\\/programme\\\/#primaryimage\"},\"image\":{\"@id\":\"https:\\\/\\\/www.melpomen.ch\\\/site\\\/sample-page\\\/programme\\\/#primaryimage\"},\"thumbnailUrl\":\"http:\\\/\\\/www.melpomen.ch\\\/site\\\/wp-content\\\/uploads\\\/2015\\\/02\\\/ensemble-e1424710760615-1024x505.jpg\",\"datePublished\":\"2014-12-15T15:06:21+00:00\",\"dateModified\":\"2015-09-18T13:33:50+00:00\",\"description\":\"griechische Ch\u00f6re, griechisches Drama, griechische Lyrik, altgriechische Musik, Hellas, Hexameter, Homer, Homerische Hymnen, Sappho, Siegeslieder, Hexameter, Troch\u00e4us\",\"breadcrumb\":{\"@id\":\"https:\\\/\\\/www.melpomen.ch\\\/site\\\/sample-page\\\/programme\\\/#breadcrumb\"},\"inLanguage\":\"de\",\"potentialAction\":[{\"@type\":\"ReadAction\",\"target\":[\"https:\\\/\\\/www.melpomen.ch\\\/site\\\/sample-page\\\/programme\\\/\"]}]},{\"@type\":\"ImageObject\",\"inLanguage\":\"de\",\"@id\":\"https:\\\/\\\/www.melpomen.ch\\\/site\\\/sample-page\\\/programme\\\/#primaryimage\",\"url\":\"http:\\\/\\\/www.melpomen.ch\\\/site\\\/wp-content\\\/uploads\\\/2015\\\/02\\\/ensemble-e1424710760615-1024x505.jpg\",\"contentUrl\":\"http:\\\/\\\/www.melpomen.ch\\\/site\\\/wp-content\\\/uploads\\\/2015\\\/02\\\/ensemble-e1424710760615-1024x505.jpg\"},{\"@type\":\"BreadcrumbList\",\"@id\":\"https:\\\/\\\/www.melpomen.ch\\\/site\\\/sample-page\\\/programme\\\/#breadcrumb\",\"itemListElement\":[{\"@type\":\"ListItem\",\"position\":1,\"name\":\"Home\",\"item\":\"https:\\\/\\\/www.melpomen.ch\\\/site\\\/\"},{\"@type\":\"ListItem\",\"position\":2,\"name\":\"Home\",\"item\":\"https:\\\/\\\/www.melpomen.ch\\\/site\\\/\"},{\"@type\":\"ListItem\",\"position\":3,\"name\":\"Programme\"}]},{\"@type\":\"WebSite\",\"@id\":\"https:\\\/\\\/www.melpomen.ch\\\/site\\\/#website\",\"url\":\"https:\\\/\\\/www.melpomen.ch\\\/site\\\/\",\"name\":\"Melpomen\",\"description\":\"\",\"publisher\":{\"@id\":\"https:\\\/\\\/www.melpomen.ch\\\/site\\\/#organization\"},\"potentialAction\":[{\"@type\":\"SearchAction\",\"target\":{\"@type\":\"EntryPoint\",\"urlTemplate\":\"https:\\\/\\\/www.melpomen.ch\\\/site\\\/?s={search_term_string}\"},\"query-input\":{\"@type\":\"PropertyValueSpecification\",\"valueRequired\":true,\"valueName\":\"search_term_string\"}}],\"inLanguage\":\"de\"},{\"@type\":\"Organization\",\"@id\":\"https:\\\/\\\/www.melpomen.ch\\\/site\\\/#organization\",\"name\":\"Melpomen\",\"url\":\"https:\\\/\\\/www.melpomen.ch\\\/site\\\/\",\"logo\":{\"@type\":\"ImageObject\",\"inLanguage\":\"de\",\"@id\":\"https:\\\/\\\/www.melpomen.ch\\\/site\\\/#\\\/schema\\\/logo\\\/image\\\/\",\"url\":\"https:\\\/\\\/www.melpomen.ch\\\/site\\\/wp-content\\\/uploads\\\/2020\\\/11\\\/melpomen.png\",\"contentUrl\":\"https:\\\/\\\/www.melpomen.ch\\\/site\\\/wp-content\\\/uploads\\\/2020\\\/11\\\/melpomen.png\",\"width\":160,\"height\":39,\"caption\":\"Melpomen\"},\"image\":{\"@id\":\"https:\\\/\\\/www.melpomen.ch\\\/site\\\/#\\\/schema\\\/logo\\\/image\\\/\"}}]}<\/script>\n<!-- \/ Yoast SEO plugin. -->","yoast_head_json":{"title":"griechische Lyrik","description":"griechische Ch\u00f6re, griechisches Drama, griechische Lyrik, altgriechische Musik, Hellas, Hexameter, Homer, Homerische Hymnen, Sappho, Siegeslieder, Hexameter, Troch\u00e4us","robots":{"index":"index","follow":"follow","max-snippet":"max-snippet:-1","max-image-preview":"max-image-preview:large","max-video-preview":"max-video-preview:-1"},"canonical":"https:\/\/www.melpomen.ch\/site\/sample-page\/programme\/","og_locale":"de_DE","og_type":"article","og_title":"griechische Lyrik","og_description":"griechische Ch\u00f6re, griechisches Drama, griechische Lyrik, altgriechische Musik, Hellas, Hexameter, Homer, Homerische Hymnen, Sappho, Siegeslieder, Hexameter, Troch\u00e4us","og_url":"https:\/\/www.melpomen.ch\/site\/sample-page\/programme\/","og_site_name":"Melpomen","article_modified_time":"2015-09-18T13:33:50+00:00","og_image":[{"url":"http:\/\/www.melpomen.ch\/site\/wp-content\/uploads\/2015\/02\/ensemble-e1424710760615-1024x505.jpg","type":"","width":"","height":""}],"twitter_misc":{"Gesch\u00e4tzte Lesezeit":"3\u00a0Minuten"},"schema":{"@context":"https:\/\/schema.org","@graph":[{"@type":"WebPage","@id":"https:\/\/www.melpomen.ch\/site\/sample-page\/programme\/","url":"https:\/\/www.melpomen.ch\/site\/sample-page\/programme\/","name":"griechische Lyrik","isPartOf":{"@id":"https:\/\/www.melpomen.ch\/site\/#website"},"primaryImageOfPage":{"@id":"https:\/\/www.melpomen.ch\/site\/sample-page\/programme\/#primaryimage"},"image":{"@id":"https:\/\/www.melpomen.ch\/site\/sample-page\/programme\/#primaryimage"},"thumbnailUrl":"http:\/\/www.melpomen.ch\/site\/wp-content\/uploads\/2015\/02\/ensemble-e1424710760615-1024x505.jpg","datePublished":"2014-12-15T15:06:21+00:00","dateModified":"2015-09-18T13:33:50+00:00","description":"griechische Ch\u00f6re, griechisches Drama, griechische Lyrik, altgriechische Musik, Hellas, Hexameter, Homer, Homerische Hymnen, Sappho, Siegeslieder, Hexameter, Troch\u00e4us","breadcrumb":{"@id":"https:\/\/www.melpomen.ch\/site\/sample-page\/programme\/#breadcrumb"},"inLanguage":"de","potentialAction":[{"@type":"ReadAction","target":["https:\/\/www.melpomen.ch\/site\/sample-page\/programme\/"]}]},{"@type":"ImageObject","inLanguage":"de","@id":"https:\/\/www.melpomen.ch\/site\/sample-page\/programme\/#primaryimage","url":"http:\/\/www.melpomen.ch\/site\/wp-content\/uploads\/2015\/02\/ensemble-e1424710760615-1024x505.jpg","contentUrl":"http:\/\/www.melpomen.ch\/site\/wp-content\/uploads\/2015\/02\/ensemble-e1424710760615-1024x505.jpg"},{"@type":"BreadcrumbList","@id":"https:\/\/www.melpomen.ch\/site\/sample-page\/programme\/#breadcrumb","itemListElement":[{"@type":"ListItem","position":1,"name":"Home","item":"https:\/\/www.melpomen.ch\/site\/"},{"@type":"ListItem","position":2,"name":"Home","item":"https:\/\/www.melpomen.ch\/site\/"},{"@type":"ListItem","position":3,"name":"Programme"}]},{"@type":"WebSite","@id":"https:\/\/www.melpomen.ch\/site\/#website","url":"https:\/\/www.melpomen.ch\/site\/","name":"Melpomen","description":"","publisher":{"@id":"https:\/\/www.melpomen.ch\/site\/#organization"},"potentialAction":[{"@type":"SearchAction","target":{"@type":"EntryPoint","urlTemplate":"https:\/\/www.melpomen.ch\/site\/?s={search_term_string}"},"query-input":{"@type":"PropertyValueSpecification","valueRequired":true,"valueName":"search_term_string"}}],"inLanguage":"de"},{"@type":"Organization","@id":"https:\/\/www.melpomen.ch\/site\/#organization","name":"Melpomen","url":"https:\/\/www.melpomen.ch\/site\/","logo":{"@type":"ImageObject","inLanguage":"de","@id":"https:\/\/www.melpomen.ch\/site\/#\/schema\/logo\/image\/","url":"https:\/\/www.melpomen.ch\/site\/wp-content\/uploads\/2020\/11\/melpomen.png","contentUrl":"https:\/\/www.melpomen.ch\/site\/wp-content\/uploads\/2020\/11\/melpomen.png","width":160,"height":39,"caption":"Melpomen"},"image":{"@id":"https:\/\/www.melpomen.ch\/site\/#\/schema\/logo\/image\/"}}]}},"_links":{"self":[{"href":"https:\/\/www.melpomen.ch\/site\/wp-json\/wp\/v2\/pages\/15","targetHints":{"allow":["GET"]}}],"collection":[{"href":"https:\/\/www.melpomen.ch\/site\/wp-json\/wp\/v2\/pages"}],"about":[{"href":"https:\/\/www.melpomen.ch\/site\/wp-json\/wp\/v2\/types\/page"}],"author":[{"embeddable":true,"href":"https:\/\/www.melpomen.ch\/site\/wp-json\/wp\/v2\/users\/1"}],"replies":[{"embeddable":true,"href":"https:\/\/www.melpomen.ch\/site\/wp-json\/wp\/v2\/comments?post=15"}],"version-history":[{"count":14,"href":"https:\/\/www.melpomen.ch\/site\/wp-json\/wp\/v2\/pages\/15\/revisions"}],"predecessor-version":[{"id":517,"href":"https:\/\/www.melpomen.ch\/site\/wp-json\/wp\/v2\/pages\/15\/revisions\/517"}],"up":[{"embeddable":true,"href":"https:\/\/www.melpomen.ch\/site\/wp-json\/wp\/v2\/pages\/2"}],"wp:attachment":[{"href":"https:\/\/www.melpomen.ch\/site\/wp-json\/wp\/v2\/media?parent=15"}],"curies":[{"name":"wp","href":"https:\/\/api.w.org\/{rel}","templated":true}]}}